{"id":118,"date":"2022-07-08T08:51:20","date_gmt":"2022-07-08T11:51:20","guid":{"rendered":"http:\/\/jussaracasaecolchoes.com.br\/?page_id=118"},"modified":"2022-07-08T08:51:48","modified_gmt":"2022-07-08T11:51:48","slug":"cama-box-e-colchoes","status":"publish","type":"page","link":"https:\/\/jussaracasaecolchoes.com.br\/index.php\/cama-box-e-colchoes\/","title":{"rendered":"Cama Box e colch\u00f5es"},"content":{"rendered":"<p>[et_pb_section fb_built=&#8221;1&#8243; _builder_version=&#8221;4.14.8&#8243; _module_preset=&#8221;default&#8221; custom_padding=&#8221;||15px|||&#8221; global_colors_info=&#8221;{}&#8221;][et_pb_row _builder_version=&#8221;4.14.8&#8243; _module_preset=&#8221;default&#8221; global_colors_info=&#8221;{}&#8221;][et_pb_column type=&#8221;4_4&#8243; _builder_version=&#8221;4.14.8&#8243; _module_preset=&#8221;default&#8221; global_colors_info=&#8221;{}&#8221;][et_pb_text _builder_version=&#8221;4.14.8&#8243; _module_preset=&#8221;default&#8221; global_colors_info=&#8221;{}&#8221;]<\/p>\n<h1><strong>Colch\u00f5es e Box\u00a0<\/strong><\/h1>\n<p>[\/et_pb_text][\/et_pb_column][\/et_pb_row][et_pb_row column_structure=&#8221;1_3,1_3,1_3&#8243; _builder_version=&#8221;4.14.8&#8243; _module_preset=&#8221;default&#8221; global_colors_info=&#8221;{}&#8221;][et_pb_column type=&#8221;1_3&#8243; _builder_version=&#8221;4.14.8&#8243; _module_preset=&#8221;default&#8221; global_colors_info=&#8221;{}&#8221;][et_pb_blurb image=&#8221;http:\/\/jussaracasaecolchoes.com.br\/wp-content\/uploads\/2022\/07\/Cama-Queen-Vancouver.jpeg&#8221; _builder_version=&#8221;4.14.8&#8243; _module_preset=&#8221;default&#8221; global_colors_info=&#8221;{}&#8221;]<\/p>\n<h3><strong>Cama Queen Vancouver<\/strong><\/h3>\n<p>Tamanho Queen 1,58 x 1,98<\/p>\n<p>Cabeceira reclin\u00e1vel<\/p>\n<p>Courino hidratado<\/p>\n<p>Cor caf\u00e9<\/p>\n<p>Lastro em madeira naval<\/p>\n<p>[\/et_pb_blurb][\/et_pb_column][et_pb_column type=&#8221;1_3&#8243; _builder_version=&#8221;4.14.8&#8243; _module_preset=&#8221;default&#8221; global_colors_info=&#8221;{}&#8221;][et_pb_blurb image=&#8221;http:\/\/jussaracasaecolchoes.com.br\/wp-content\/uploads\/2022\/07\/Maisa-Product-Page-min.jpg&#8221; _builder_version=&#8221;4.14.8&#8243; _module_preset=&#8221;default&#8221; global_colors_info=&#8221;{}&#8221;]<\/p>\n<h3 itemprop=\"name\" class=\"product_title entry-title\"><strong>Conjunto Box com Auxiliar Maisa<\/strong><\/h3>\n<p>Conjunto Box com Auxiliar Maisa<\/p>\n<p>Marca: Gazin<\/p>\n<p>Medidas: 0,88 x 1,88 m<\/p>\n<p>[\/et_pb_blurb][\/et_pb_column][et_pb_column type=&#8221;1_3&#8243; _builder_version=&#8221;4.14.8&#8243; _module_preset=&#8221;default&#8221; global_colors_info=&#8221;{}&#8221;][et_pb_blurb image=&#8221;http:\/\/jussaracasaecolchoes.com.br\/wp-content\/uploads\/2022\/07\/WhatsApp-Image-2020-06-25-at-16.57.17.jpeg&#8221; _builder_version=&#8221;4.14.8&#8243; _module_preset=&#8221;default&#8221; global_colors_info=&#8221;{}&#8221;]<\/p>\n<h3 itemprop=\"name\" class=\"product_title entry-title\"><strong>Conjunto Edimburgo Casal<\/strong><\/h3>\n<p>Conjunto Edimburgo Casal<\/p>\n<p>Tamanho 1,38 x 1,88<\/p>\n<p>Marca : Herval<\/p>\n<p>Suporte de peso: 100 kg por lado<\/p>\n<p>Molas Maxspring<\/p>\n<p>[\/et_pb_blurb][\/et_pb_column][\/et_pb_row][et_pb_row column_structure=&#8221;1_3,1_3,1_3&#8243; _builder_version=&#8221;4.14.8&#8243; _module_preset=&#8221;default&#8221; global_colors_info=&#8221;{}&#8221;][et_pb_column type=&#8221;1_3&#8243; _builder_version=&#8221;4.14.8&#8243; _module_preset=&#8221;default&#8221; global_colors_info=&#8221;{}&#8221;][et_pb_blurb image=&#8221;http:\/\/jussaracasaecolchoes.com.br\/wp-content\/uploads\/2022\/07\/siena.png&#8221; _builder_version=&#8221;4.14.8&#8243; _module_preset=&#8221;default&#8221; global_colors_info=&#8221;{}&#8221;]<\/p>\n<h3>C<strong>onjunto Estofama Siena King<\/strong><\/h3>\n<p>Tamanho: 1,93X2,03<\/p>\n<p>[\/et_pb_blurb][\/et_pb_column][et_pb_column type=&#8221;1_3&#8243; _builder_version=&#8221;4.14.8&#8243; _module_preset=&#8221;default&#8221; global_colors_info=&#8221;{}&#8221;][et_pb_blurb image=&#8221;http:\/\/jussaracasaecolchoes.com.br\/wp-content\/uploads\/2022\/07\/exclusive-touch.jpg&#8221; _builder_version=&#8221;4.14.8&#8243; _module_preset=&#8221;default&#8221; global_colors_info=&#8221;{}&#8221;]<\/p>\n<h3 itemprop=\"name\" class=\"product_title entry-title\"><strong>Conjunto Exclusive Touch King<\/strong><\/h3>\n<p>Marca: Herval<\/p>\n<p>Medidas: 1,93 X 2,03 m<\/p>\n<p>Altura: 38 cm<\/p>\n<p>Suporte de peso: 120 kg por lado<\/p>\n<p>Tecido: malha degrade<\/p>\n<p>[\/et_pb_blurb][\/et_pb_column][et_pb_column type=&#8221;1_3&#8243; _builder_version=&#8221;4.14.8&#8243; _module_preset=&#8221;default&#8221; global_colors_info=&#8221;{}&#8221;][et_pb_blurb image=&#8221;http:\/\/jussaracasaecolchoes.com.br\/wp-content\/uploads\/2022\/07\/exclusive-touch.jpg&#8221; _builder_version=&#8221;4.14.8&#8243; _module_preset=&#8221;default&#8221; global_colors_info=&#8221;{}&#8221;]<\/p>\n<h3 itemprop=\"name\" class=\"product_title entry-title\"><strong>Conjunto Exclusive Touch Queen<\/strong><\/h3>\n<p>Marca: Herval<\/p>\n<p>Medidas: 1,58 X 1,98 m<\/p>\n<p>[\/et_pb_blurb][\/et_pb_column][\/et_pb_row][et_pb_row _builder_version=&#8221;4.14.8&#8243; _module_preset=&#8221;default&#8221; global_colors_info=&#8221;{}&#8221;][et_pb_column type=&#8221;4_4&#8243; _builder_version=&#8221;4.14.8&#8243; _module_preset=&#8221;default&#8221; global_colors_info=&#8221;{}&#8221;][et_pb_text _builder_version=&#8221;4.14.8&#8243; _module_preset=&#8221;default&#8221; global_colors_info=&#8221;{}&#8221;]<\/p>\n<h2 style=\"text-align: center;\"><strong>Venha at\u00e9 nossa loja para ver todas as op\u00e7\u00f5es de Cama box e colch\u00f5es.\u00a0<\/strong><\/h2>\n<p>[\/et_pb_text][\/et_pb_column][\/et_pb_row][\/et_pb_section]<\/p>\n","protected":false},"excerpt":{"rendered":"<p>Colch\u00f5es e Box\u00a0Cama Queen Vancouver Tamanho Queen 1,58 x 1,98 Cabeceira reclin\u00e1vel Courino hidratado Cor caf\u00e9 Lastro em madeira navalConjunto Box com Auxiliar Maisa Conjunto Box com Auxiliar Maisa Marca: Gazin Medidas: 0,88 x 1,88 mConjunto Edimburgo Casal Conjunto Edimburgo Casal Tamanho 1,38 x 1,88 Marca : Herval Suporte de peso: 100 kg por lado [&hellip;]<\/p>\n","protected":false},"author":1,"featured_media":0,"parent":0,"menu_order":0,"comment_status":"closed","ping_status":"closed","template":"","meta":{"_et_pb_use_builder":"on","_et_pb_old_content":"","_et_gb_content_width":"","footnotes":""},"class_list":["post-118","page","type-page","status-publish","hentry"],"_links":{"self":[{"href":"https:\/\/jussaracasaecolchoes.com.br\/index.php\/wp-json\/wp\/v2\/pages\/118","targetHints":{"allow":["GET"]}}],"collection":[{"href":"https:\/\/jussaracasaecolchoes.com.br\/index.php\/wp-json\/wp\/v2\/pages"}],"about":[{"href":"https:\/\/jussaracasaecolchoes.com.br\/index.php\/wp-json\/wp\/v2\/types\/page"}],"author":[{"embeddable":true,"href":"https:\/\/jussaracasaecolchoes.com.br\/index.php\/wp-json\/wp\/v2\/users\/1"}],"replies":[{"embeddable":true,"href":"https:\/\/jussaracasaecolchoes.com.br\/index.php\/wp-json\/wp\/v2\/comments?post=118"}],"version-history":[{"count":5,"href":"https:\/\/jussaracasaecolchoes.com.br\/index.php\/wp-json\/wp\/v2\/pages\/118\/revisions"}],"predecessor-version":[{"id":129,"href":"https:\/\/jussaracasaecolchoes.com.br\/index.php\/wp-json\/wp\/v2\/pages\/118\/revisions\/129"}],"wp:attachment":[{"href":"https:\/\/jussaracasaecolchoes.com.br\/index.php\/wp-json\/wp\/v2\/media?parent=118"}],"curies":[{"name":"wp","href":"https:\/\/api.w.org\/{rel}","templated":true}]}}