{"id":132,"date":"2022-07-08T09:01:46","date_gmt":"2022-07-08T12:01:46","guid":{"rendered":"http:\/\/jussaracasaecolchoes.com.br\/?page_id=132"},"modified":"2022-07-08T09:07:04","modified_gmt":"2022-07-08T12:07:04","slug":"estofados","status":"publish","type":"page","link":"https:\/\/jussaracasaecolchoes.com.br\/index.php\/estofados\/","title":{"rendered":"Estofados"},"content":{"rendered":"<p>[et_pb_section fb_built=&#8221;1&#8243; _builder_version=&#8221;4.14.8&#8243; _module_preset=&#8221;default&#8221; custom_padding=&#8221;||15px|||&#8221; global_colors_info=&#8221;{}&#8221;][et_pb_row _builder_version=&#8221;4.14.8&#8243; _module_preset=&#8221;default&#8221; global_colors_info=&#8221;{}&#8221;][et_pb_column type=&#8221;4_4&#8243; _builder_version=&#8221;4.14.8&#8243; _module_preset=&#8221;default&#8221; global_colors_info=&#8221;{}&#8221;][et_pb_text _builder_version=&#8221;4.14.8&#8243; _module_preset=&#8221;default&#8221; global_colors_info=&#8221;{}&#8221;]<\/p>\n<h1><strong>Estofados\u00a0<\/strong><\/h1>\n<p>[\/et_pb_text][\/et_pb_column][\/et_pb_row][et_pb_row column_structure=&#8221;1_3,1_3,1_3&#8243; _builder_version=&#8221;4.14.8&#8243; _module_preset=&#8221;default&#8221; global_colors_info=&#8221;{}&#8221;][et_pb_column type=&#8221;1_3&#8243; _builder_version=&#8221;4.14.8&#8243; _module_preset=&#8221;default&#8221; global_colors_info=&#8221;{}&#8221;][et_pb_blurb image=&#8221;http:\/\/jussaracasaecolchoes.com.br\/wp-content\/uploads\/2022\/07\/sofa-bicama-star-estofama.jpg&#8221; _builder_version=&#8221;4.14.8&#8243; _module_preset=&#8221;default&#8221; global_colors_info=&#8221;{}&#8221;]<\/p>\n<h3 class=\"product_title entry-title\"><strong>Bicama Star Estofama<\/strong><\/h3>\n<p>Assentos fixos, espuma e manta de fibra.<\/p>\n<p>Encostos 3 est\u00e1gios de recl\u00ednio, em fibra e espuma<\/p>\n<p>Estrutura em madeira de florestas renov\u00e1veis e devidamente tratada.<\/p>\n<p>Acompanha duas almofadas<br \/>\n[\/et_pb_blurb][\/et_pb_column][et_pb_column type=&#8221;1_3&#8243; _builder_version=&#8221;4.14.8&#8243; _module_preset=&#8221;default&#8221; global_colors_info=&#8221;{}&#8221;][et_pb_blurb image=&#8221;http:\/\/jussaracasaecolchoes.com.br\/wp-content\/uploads\/2022\/07\/AUSTRALIA-AG-e1595090110750.jpeg&#8221; _builder_version=&#8221;4.14.8&#8243; _module_preset=&#8221;default&#8221; global_colors_info=&#8221;{}&#8221;]<\/p>\n<h3><strong>Estofado Austr\u00e1lia<\/strong><\/h3>\n<p>Largura:2,55<\/p>\n<p>Profundidade: 1,20<\/p>\n<p>Profundidade aberto: 1,80<\/p>\n<p>Assento em molas<br \/>\n[\/et_pb_blurb][\/et_pb_column][et_pb_column type=&#8221;1_3&#8243; _builder_version=&#8221;4.14.8&#8243; _module_preset=&#8221;default&#8221; global_colors_info=&#8221;{}&#8221;][et_pb_blurb image=&#8221;http:\/\/jussaracasaecolchoes.com.br\/wp-content\/uploads\/2022\/07\/BARCELONA-AG.jpeg&#8221; _builder_version=&#8221;4.14.8&#8243; _module_preset=&#8221;default&#8221; global_colors_info=&#8221;{}&#8221;]<\/p>\n<h3><strong>Estofado Barcelona<\/strong><\/h3>\n<p>Tamanho: 2,35m<\/p>\n<p>Retr\u00e1til e reclin\u00e1vel<br \/>\n[\/et_pb_blurb][\/et_pb_column][\/et_pb_row][et_pb_row column_structure=&#8221;1_3,1_3,1_3&#8243; _builder_version=&#8221;4.14.8&#8243; _module_preset=&#8221;default&#8221; global_colors_info=&#8221;{}&#8221;][et_pb_column type=&#8221;1_3&#8243; _builder_version=&#8221;4.14.8&#8243; _module_preset=&#8221;default&#8221; global_colors_info=&#8221;{}&#8221;][et_pb_blurb image=&#8221;http:\/\/jussaracasaecolchoes.com.br\/wp-content\/uploads\/2022\/07\/BRAVO-ESTOFAMA-600&#215;450-1.jpg&#8221; _builder_version=&#8221;4.14.8&#8243; _module_preset=&#8221;default&#8221; global_colors_info=&#8221;{}&#8221;]<\/p>\n<h3><strong>Estofado Bravo<\/strong><\/h3>\n<p>Molas aspiral<\/p>\n<p>Largura: 2,25<\/p>\n<p>Altura: 1,0<\/p>\n<p>Profundidade: 1,13<\/p>\n<p>Profundidade aberto: 1,63<br \/>\n[\/et_pb_blurb][\/et_pb_column][et_pb_column type=&#8221;1_3&#8243; _builder_version=&#8221;4.14.8&#8243; _module_preset=&#8221;default&#8221; global_colors_info=&#8221;{}&#8221;][et_pb_blurb image=&#8221;http:\/\/jussaracasaecolchoes.com.br\/wp-content\/uploads\/2022\/07\/CURVA-MAGGIORE-600&#215;450-1.jpeg&#8221; _builder_version=&#8221;4.14.8&#8243; _module_preset=&#8221;default&#8221; global_colors_info=&#8221;{}&#8221;]<\/p>\n<h3><strong>Estofado canto Maggiore<\/strong><\/h3>\n<div id=\"content_tab_description\" class=\"tab-content tab-description\">\n<div class=\"tab-content-inner\">\n<div class=\"tab-content-scroll\">\n<p>Largura: 2,90 x 2,20<\/p>\n<p>Profundidade: 1,10<\/p>\n<p>Profundidade aberto: 1,65<\/p>\n<p>Assento com molas<\/p>\n<\/div>\n<\/div>\n<\/div>\n<p>[\/et_pb_blurb][\/et_pb_column][et_pb_column type=&#8221;1_3&#8243; _builder_version=&#8221;4.14.8&#8243; _module_preset=&#8221;default&#8221; global_colors_info=&#8221;{}&#8221;][et_pb_blurb image=&#8221;http:\/\/jussaracasaecolchoes.com.br\/wp-content\/uploads\/2022\/07\/columbia.jpeg&#8221; _builder_version=&#8221;4.14.8&#8243; _module_preset=&#8221;default&#8221; global_colors_info=&#8221;{}&#8221;]<\/p>\n<h3><strong>Estofado Columbia Martiny<\/strong><\/h3>\n<p>Medida: 2,0m retr\u00e1til e reclin\u00e1vel<br \/>\n[\/et_pb_blurb][\/et_pb_column][\/et_pb_row][et_pb_row _builder_version=&#8221;4.14.8&#8243; _module_preset=&#8221;default&#8221; global_colors_info=&#8221;{}&#8221;][et_pb_column type=&#8221;4_4&#8243; _builder_version=&#8221;4.14.8&#8243; _module_preset=&#8221;default&#8221; global_colors_info=&#8221;{}&#8221;][et_pb_text _builder_version=&#8221;4.14.8&#8243; _module_preset=&#8221;default&#8221; global_colors_info=&#8221;{}&#8221;]<\/p>\n<h2 style=\"text-align: center;\"><strong>Venha at\u00e9 nossa loja para conhecer todas as op\u00e7\u00f5es Estofados.\u00a0<\/strong><\/h2>\n<p>[\/et_pb_text][\/et_pb_column][\/et_pb_row][\/et_pb_section]<\/p>\n","protected":false},"excerpt":{"rendered":"<p>Estofados\u00a0Bicama Star Estofama Assentos fixos, espuma e manta de fibra. Encostos 3 est\u00e1gios de recl\u00ednio, em fibra e espuma Estrutura em madeira de florestas renov\u00e1veis e devidamente tratada. Acompanha duas almofadas Estofado Austr\u00e1lia Largura:2,55 Profundidade: 1,20 Profundidade aberto: 1,80 Assento em molas Estofado Barcelona Tamanho: 2,35m Retr\u00e1til e reclin\u00e1vel Estofado Bravo Molas aspiral Largura: 2,25 [&hellip;]<\/p>\n","protected":false},"author":1,"featured_media":0,"parent":0,"menu_order":0,"comment_status":"closed","ping_status":"closed","template":"","meta":{"_et_pb_use_builder":"on","_et_pb_old_content":"","_et_gb_content_width":"","footnotes":""},"class_list":["post-132","page","type-page","status-publish","hentry"],"_links":{"self":[{"href":"https:\/\/jussaracasaecolchoes.com.br\/index.php\/wp-json\/wp\/v2\/pages\/132","targetHints":{"allow":["GET"]}}],"collection":[{"href":"https:\/\/jussaracasaecolchoes.com.br\/index.php\/wp-json\/wp\/v2\/pages"}],"about":[{"href":"https:\/\/jussaracasaecolchoes.com.br\/index.php\/wp-json\/wp\/v2\/types\/page"}],"author":[{"embeddable":true,"href":"https:\/\/jussaracasaecolchoes.com.br\/index.php\/wp-json\/wp\/v2\/users\/1"}],"replies":[{"embeddable":true,"href":"https:\/\/jussaracasaecolchoes.com.br\/index.php\/wp-json\/wp\/v2\/comments?post=132"}],"version-history":[{"count":6,"href":"https:\/\/jussaracasaecolchoes.com.br\/index.php\/wp-json\/wp\/v2\/pages\/132\/revisions"}],"predecessor-version":[{"id":149,"href":"https:\/\/jussaracasaecolchoes.com.br\/index.php\/wp-json\/wp\/v2\/pages\/132\/revisions\/149"}],"wp:attachment":[{"href":"https:\/\/jussaracasaecolchoes.com.br\/index.php\/wp-json\/wp\/v2\/media?parent=132"}],"curies":[{"name":"wp","href":"https:\/\/api.w.org\/{rel}","templated":true}]}}