{"id":157,"date":"2022-07-08T09:37:53","date_gmt":"2022-07-08T12:37:53","guid":{"rendered":"http:\/\/jussaracasaecolchoes.com.br\/?page_id=157"},"modified":"2022-07-08T09:37:56","modified_gmt":"2022-07-08T12:37:56","slug":"cama-mesa-e-banho","status":"publish","type":"page","link":"https:\/\/jussaracasaecolchoes.com.br\/index.php\/cama-mesa-e-banho\/","title":{"rendered":"Cama, mesa e banho"},"content":{"rendered":"<p>[et_pb_section fb_built=&#8221;1&#8243; _builder_version=&#8221;4.14.8&#8243; _module_preset=&#8221;default&#8221; custom_padding=&#8221;||15px|||&#8221; global_colors_info=&#8221;{}&#8221;][et_pb_row _builder_version=&#8221;4.14.8&#8243; _module_preset=&#8221;default&#8221; global_colors_info=&#8221;{}&#8221;][et_pb_column type=&#8221;4_4&#8243; _builder_version=&#8221;4.14.8&#8243; _module_preset=&#8221;default&#8221; global_colors_info=&#8221;{}&#8221;][et_pb_text _builder_version=&#8221;4.14.8&#8243; _module_preset=&#8221;default&#8221; global_colors_info=&#8221;{}&#8221;]<\/p>\n<h1><strong>Cama, Mesa e Banho<\/strong><\/h1>\n<p>[\/et_pb_text][\/et_pb_column][\/et_pb_row][et_pb_row column_structure=&#8221;1_3,1_3,1_3&#8243; _builder_version=&#8221;4.14.8&#8243; _module_preset=&#8221;default&#8221; global_colors_info=&#8221;{}&#8221;][et_pb_column type=&#8221;1_3&#8243; _builder_version=&#8221;4.14.8&#8243; _module_preset=&#8221;default&#8221; global_colors_info=&#8221;{}&#8221;][et_pb_blurb image=&#8221;http:\/\/jussaracasaecolchoes.com.br\/wp-content\/uploads\/2022\/07\/WhatsApp-Image-2020-08-13-at-15.05.03-3-e1597350932575.jpeg&#8221; _builder_version=&#8221;4.14.8&#8243; _module_preset=&#8221;default&#8221; global_colors_info=&#8221;{}&#8221;]<\/p>\n<h3><strong>Edredom Casal<\/strong><\/h3>\n<p>Tamanho: 2,40 x 2,10<\/p>\n<p>100%poli\u00e9ster<\/p>\n<p>[\/et_pb_blurb][\/et_pb_column][et_pb_column type=&#8221;1_3&#8243; _builder_version=&#8221;4.14.8&#8243; _module_preset=&#8221;default&#8221; global_colors_info=&#8221;{}&#8221;][et_pb_blurb image=&#8221;http:\/\/jussaracasaecolchoes.com.br\/wp-content\/uploads\/2022\/07\/WhatsApp-Image-2020-08-13-at-15.05.03-2-e1597350809834.jpeg&#8221; _builder_version=&#8221;4.14.8&#8243; _module_preset=&#8221;default&#8221; global_colors_info=&#8221;{}&#8221;]<\/p>\n<h3><strong>Edredom Queen Pele<\/strong><\/h3>\n<p>Tamanho: 2,40 x 2,60<\/p>\n<p>Tecido 100% Poli\u00e9ster<\/p>\n<p>DIVERSAS CORES<\/p>\n<p>[\/et_pb_blurb][\/et_pb_column][et_pb_column type=&#8221;1_3&#8243; _builder_version=&#8221;4.14.8&#8243; _module_preset=&#8221;default&#8221; global_colors_info=&#8221;{}&#8221;][et_pb_blurb image=&#8221;http:\/\/jussaracasaecolchoes.com.br\/wp-content\/uploads\/2022\/07\/WhatsApp-Image-2020-08-13-at-15.05.02-1-e1597351251637.jpeg&#8221; _builder_version=&#8221;4.14.8&#8243; _module_preset=&#8221;default&#8221; global_colors_info=&#8221;{}&#8221;]<\/p>\n<h3 itemprop=\"name\" class=\"product_title entry-title\"><strong>Len\u00e7ol casal Plush<\/strong><\/h3>\n<p>[\/et_pb_blurb][\/et_pb_column][\/et_pb_row][et_pb_row _builder_version=&#8221;4.14.8&#8243; _module_preset=&#8221;default&#8221; global_colors_info=&#8221;{}&#8221;][et_pb_column type=&#8221;4_4&#8243; _builder_version=&#8221;4.14.8&#8243; _module_preset=&#8221;default&#8221; global_colors_info=&#8221;{}&#8221;][et_pb_text _builder_version=&#8221;4.14.8&#8243; _module_preset=&#8221;default&#8221; global_colors_info=&#8221;{}&#8221;]<\/p>\n<h2 style=\"text-align: center;\"><strong>Venha at\u00e9 nossa loja conhe\u00e7a todas as nossas op\u00e7\u00f5es de Cama, mesa e banho.<\/strong><\/h2>\n<p>[\/et_pb_text][\/et_pb_column][\/et_pb_row][\/et_pb_section]<\/p>\n","protected":false},"excerpt":{"rendered":"<p>Cama, Mesa e BanhoEdredom Casal Tamanho: 2,40 x 2,10 100%poli\u00e9sterEdredom Queen Pele Tamanho: 2,40 x 2,60 Tecido 100% Poli\u00e9ster DIVERSAS CORESLen\u00e7ol casal PlushVenha at\u00e9 nossa loja conhe\u00e7a todas as nossas op\u00e7\u00f5es de Cama, mesa e banho.<\/p>\n","protected":false},"author":1,"featured_media":0,"parent":0,"menu_order":0,"comment_status":"closed","ping_status":"closed","template":"","meta":{"_et_pb_use_builder":"on","_et_pb_old_content":"","_et_gb_content_width":"","footnotes":""},"class_list":["post-157","page","type-page","status-publish","hentry"],"_links":{"self":[{"href":"https:\/\/jussaracasaecolchoes.com.br\/index.php\/wp-json\/wp\/v2\/pages\/157","targetHints":{"allow":["GET"]}}],"collection":[{"href":"https:\/\/jussaracasaecolchoes.com.br\/index.php\/wp-json\/wp\/v2\/pages"}],"about":[{"href":"https:\/\/jussaracasaecolchoes.com.br\/index.php\/wp-json\/wp\/v2\/types\/page"}],"author":[{"embeddable":true,"href":"https:\/\/jussaracasaecolchoes.com.br\/index.php\/wp-json\/wp\/v2\/users\/1"}],"replies":[{"embeddable":true,"href":"https:\/\/jussaracasaecolchoes.com.br\/index.php\/wp-json\/wp\/v2\/comments?post=157"}],"version-history":[{"count":4,"href":"https:\/\/jussaracasaecolchoes.com.br\/index.php\/wp-json\/wp\/v2\/pages\/157\/revisions"}],"predecessor-version":[{"id":164,"href":"https:\/\/jussaracasaecolchoes.com.br\/index.php\/wp-json\/wp\/v2\/pages\/157\/revisions\/164"}],"wp:attachment":[{"href":"https:\/\/jussaracasaecolchoes.com.br\/index.php\/wp-json\/wp\/v2\/media?parent=157"}],"curies":[{"name":"wp","href":"https:\/\/api.w.org\/{rel}","templated":true}]}}