{"id":56,"date":"2022-06-28T11:51:22","date_gmt":"2022-06-28T14:51:22","guid":{"rendered":"http:\/\/jussaracasaecolchoes.com.br\/?page_id=56"},"modified":"2022-06-28T11:51:26","modified_gmt":"2022-06-28T14:51:26","slug":"quem-somos","status":"publish","type":"page","link":"https:\/\/jussaracasaecolchoes.com.br\/index.php\/quem-somos\/","title":{"rendered":"Quem somos"},"content":{"rendered":"<p>[et_pb_section fb_built=&#8221;1&#8243; _builder_version=&#8221;3.22&#8243; global_colors_info=&#8221;{}&#8221;][et_pb_row column_structure=&#8221;1_2,1_2&#8243; _builder_version=&#8221;3.25&#8243; max_width=&#8221;1280px&#8221; custom_padding=&#8221;27px|0px|0|0px|false|false&#8221; use_custom_width=&#8221;on&#8221; custom_width_px=&#8221;1280px&#8221; locked=&#8221;off&#8221; global_colors_info=&#8221;{}&#8221;][et_pb_column type=&#8221;1_2&#8243; _builder_version=&#8221;3.25&#8243; custom_padding=&#8221;|||&#8221; global_colors_info=&#8221;{}&#8221; custom_padding__hover=&#8221;|||&#8221;][et_pb_text _builder_version=&#8221;4.14.8&#8243; text_font=&#8221;||||||||&#8221; header_font=&#8221;Montserrat|300|||||||&#8221; header_font_size=&#8221;70px&#8221; header_line_height=&#8221;1.3em&#8221; header_font_size_tablet=&#8221;50px&#8221; header_font_size_phone=&#8221;40px&#8221; header_font_size_last_edited=&#8221;on|phone&#8221; global_colors_info=&#8221;{}&#8221;]<\/p>\n<h1>Sobre N\u00f3s\u00a0<\/h1>\n<p>[\/et_pb_text][et_pb_text _builder_version=&#8221;4.14.8&#8243; text_font=&#8221;||||||||&#8221; text_font_size=&#8221;16px&#8221; text_line_height=&#8221;2.2em&#8221; global_colors_info=&#8221;{}&#8221;]<\/p>\n<p><span>Somos uma empresa familiar que iniciou sua trajet\u00f3ria h\u00e1 mais de 35 anos no segmento de ind\u00fastria e com\u00e9rcio de colch\u00f5es e artigos para o conforto do lar.\u00a0<\/span><\/p>\n<p><span> Nosso primeiro estabelecimento foi constru\u00eddo no bairro Pio X, em Caxias do Sul\/RS, no t\u00e9rreo da casa onde morava a fam\u00edlia precursora, em 1987.\u00a0 <\/span><\/p>\n<p><span>Apostamos na ind\u00fastria de colch\u00f5es, travesseiros, assim como na produ\u00e7\u00e3o pr\u00f3pria de protetores de colch\u00e3o e capas de sof\u00e1, seguindo para o vasto mercado do com\u00e9rcio de cama, mesa e banho, estofados e m\u00f3veis. <\/span><\/p>\n<p><span>Tornamo-nos precursores do ramo na cidade, conquistando know-how no assunto, atrav\u00e9s da supera\u00e7\u00e3o de desafios transpostos no meio da jornada. Por conta deles, nos reinventamos e nos adaptamos \u00e0s novas demandas do mercado, fortalecidos pela uni\u00e3o e empenho da fam\u00edlia. <\/span><\/p>\n<p><span>A empresa conta hoje com 5 unidades da rede na cidade, sendo que, a \u00faltima delas, fora inaugurada no ano de 2021, no bairro Nossa Senhora de Lourdes.<\/span><\/p>\n<p>[\/et_pb_text][\/et_pb_column][et_pb_column type=&#8221;1_2&#8243; _builder_version=&#8221;3.25&#8243; custom_padding=&#8221;|||&#8221; global_colors_info=&#8221;{}&#8221; custom_padding__hover=&#8221;|||&#8221;][et_pb_image src=&#8221;http:\/\/jussaracasaecolchoes.com.br\/wp-content\/uploads\/2022\/06\/furniture-26.jpg&#8221; align_tablet=&#8221;center&#8221; align_phone=&#8221;center&#8221; align_last_edited=&#8221;on|desktop&#8221; _builder_version=&#8221;3.23&#8243; max_width_tablet=&#8221;400px&#8221; max_width_phone=&#8221;200px&#8221; max_width_last_edited=&#8221;on|phone&#8221; module_alignment=&#8221;left&#8221; custom_margin_tablet=&#8221;||0vw|&#8221; custom_margin_last_edited=&#8221;off|desktop&#8221; animation_style=&#8221;slide&#8221; animation_direction=&#8221;left&#8221; animation_intensity_slide=&#8221;2%&#8221; locked=&#8221;off&#8221; global_colors_info=&#8221;{}&#8221;][\/et_pb_image][\/et_pb_column][\/et_pb_row][\/et_pb_section]<\/p>\n","protected":false},"excerpt":{"rendered":"<p>Sobre N\u00f3s\u00a0Somos uma empresa familiar que iniciou sua trajet\u00f3ria h\u00e1 mais de 35 anos no segmento de ind\u00fastria e com\u00e9rcio de colch\u00f5es e artigos para o conforto do lar.\u00a0 Nosso primeiro estabelecimento foi constru\u00eddo no bairro Pio X, em Caxias do Sul\/RS, no t\u00e9rreo da casa onde morava a fam\u00edlia precursora, em 1987.\u00a0 Apostamos na [&hellip;]<\/p>\n","protected":false},"author":1,"featured_media":0,"parent":0,"menu_order":0,"comment_status":"closed","ping_status":"closed","template":"","meta":{"_et_pb_use_builder":"on","_et_pb_old_content":"","_et_gb_content_width":"","footnotes":""},"class_list":["post-56","page","type-page","status-publish","hentry"],"_links":{"self":[{"href":"https:\/\/jussaracasaecolchoes.com.br\/index.php\/wp-json\/wp\/v2\/pages\/56","targetHints":{"allow":["GET"]}}],"collection":[{"href":"https:\/\/jussaracasaecolchoes.com.br\/index.php\/wp-json\/wp\/v2\/pages"}],"about":[{"href":"https:\/\/jussaracasaecolchoes.com.br\/index.php\/wp-json\/wp\/v2\/types\/page"}],"author":[{"embeddable":true,"href":"https:\/\/jussaracasaecolchoes.com.br\/index.php\/wp-json\/wp\/v2\/users\/1"}],"replies":[{"embeddable":true,"href":"https:\/\/jussaracasaecolchoes.com.br\/index.php\/wp-json\/wp\/v2\/comments?post=56"}],"version-history":[{"count":4,"href":"https:\/\/jussaracasaecolchoes.com.br\/index.php\/wp-json\/wp\/v2\/pages\/56\/revisions"}],"predecessor-version":[{"id":71,"href":"https:\/\/jussaracasaecolchoes.com.br\/index.php\/wp-json\/wp\/v2\/pages\/56\/revisions\/71"}],"wp:attachment":[{"href":"https:\/\/jussaracasaecolchoes.com.br\/index.php\/wp-json\/wp\/v2\/media?parent=56"}],"curies":[{"name":"wp","href":"https:\/\/api.w.org\/{rel}","templated":true}]}}